{"id":4129,"date":"2017-04-27T16:40:43","date_gmt":"2017-04-27T14:40:43","guid":{"rendered":"https:\/\/www.spa-concept.it\/?page_id=4129"},"modified":"2020-10-16T06:14:59","modified_gmt":"2020-10-16T04:14:59","slug":"conferenze-spa","status":"publish","type":"page","link":"https:\/\/www.spa-concept.it\/it\/conferenze-spa\/","title":{"rendered":"Conferenze Spa"},"content":{"rendered":"<div  class=\"tatsu-icp392q9t3e37m0c tatsu-section    tatsu-clearfix\" data-title=\"\"  data-headerscheme=\"background--light\"><div class='tatsu-section-pad clearfix' data-padding='40px 10% 40px 10%' data-padding-top='40px'><div class=\"tatsu-row-wrap  tatsu-row-full-width tatsu-row-one-col tatsu-row-has-one-cols tatsu-medium-gutter tatsu-reg-cols  tatsu-clearfix tatsu-icp392qarv50cnx0\" ><div  class=\"tatsu-row \" ><div  class=\"tatsu-column  tatsu-column-no-bg tatsu-one-col tatsu-column-image- tatsu-column-effect-  tatsu-icp392qb4jhvtpf\" data-animation=\"flipInX\"   data-parallax-speed=\"0\" style=\"\"><div class=\"tatsu-column-inner \" ><div class=\"tatsu-column-pad-wrap\"><div class=\"tatsu-column-pad\" ><div  class=\"tatsu-module tatsu-text-block-wrap tatsu-icp392qblz6mduht  \"><div class=\"tatsu-text-inner tatsu-align-center  clearfix\" data-animation=\"fadeIn\"  >\n<h1>Conferenze&nbsp;Spa<\/h1>\n<\/div><\/div><div  class=\"tatsu-module tatsu-text-block-wrap tatsu-icp392qbpf1jqc0n  \"><div class=\"tatsu-text-inner tatsu-align-center  clearfix\" data-animation=\"fadeIn\"  >Relatore Daniele Cantoni<br \/>\nPer Spa-Concept<\/div><\/div><div  class=\"tatsu-empty-space  tatsu-icp392qbru86ydcw  \" ><style>.tatsu-icp392qbru86ydcw.tatsu-empty-space{height: 10px;}<\/style><\/div><div  class=\"tatsu-module tatsu-text-block-wrap tatsu-icp392qbtofgh63n  \"><div class=\"tatsu-text-inner tatsu-align-center  clearfix\" data-animation=\"fadeIn\"  >\n<hr>\n<h4>International Wellness &amp; Spa AQUA SALON (Mosca)<\/h4>\n<p>&#8220;Dalla spa-caf\u00e8 alla soft-spa, marketing e tendenze per far rendere una spa&#8221;<\/p>\n<hr>\n<h4>Congresso di FORUMCLUB e FORUMPISCINE (Verona)<\/h4>\n<p>&#8220;La SPA, dalla progettazione alla comunicazione&#8221;<\/p>\n<p>Da valore aggiunto a must: \u00e8 diventato impossibile immaginarsi un centro fitness o un hotel senza area benessere. Ma come deve essere una spa per potersi considerare &#8220;adeguata&#8221;? Il primo presupposto \u00e8 che il progetto e la realizzazione siano in perfetta sintonia con la struttura e i suoi obiettivi. Il trend mondiale, in continua evoluzione, &#8220;parla&#8221; di una personalizzazione assoluta, per poter rendere unica ed irripetibile ogni area benessere, dove i servizi e la comunicazione nascono insieme alla progettazione, e non ne sono una &#8220;conseguenza&#8221;.<\/p>\n<hr>\n<h4>Wellness Spa &amp; Beauty Exhibition (Milano)<\/h4>\n<p>&#8220;La comunicazione di una SPA&#8221;<\/p>\n<p>La vera comunicazione non vende prodotti o servizi. Trasmette emozioni&#8230;<\/p>\n<hr>\n<h4>Wellness World Exhibition (Milano)<\/h4>\n<p>&#8220;Le SPA pi\u00f9 belle del mondo&#8221;<\/p>\n<hr>\n<h4>Wellness World Exhibition (Milano)<\/h4>\n<p>&#8220;Come far rendere una SPA &#8211; Sinergie dal progetto all&#8217;apertura&#8221;<\/p>\n<p>Creare una sinergia tra l&#8217;obiettivo della propriet\u00e0 ed il prodotto che poi verr\u00e0 proposto sul mercato, \u00e8 uno dei punti fondamentali per il successo di una spa. In un mercato globale, dove il &#8220;prodotto tipico&#8221; ha sempre meno confini, la determinazione di un obiettivo reale e la sua progettazione sono il punto d\u2019inizio per garantire che una SPA possa rendere.<\/p>\n<hr>\n<h4>Wellness World Exhibition (Milano)<\/h4>\n<p>&#8220;Spa business &amp; marketing&#8221; (rendere produttiva la Spa)<\/p>\n<hr>\n<h4>Corso di formazione in progettazione di centri benessere per architetti, organizzato da Wellness Design (Milano)<\/h4>\n<p>&#8220;Progettare SPA&#8221; (istruzioni per l&#8217;uso) fase 2<\/p>\n<hr>\n<h4>Hotel Cristallo (Milano)<\/h4>\n<p>&#8220;La redditivit\u00e0 del centro benessere: premesse utili&#8221;<\/p>\n<hr>\n<h4>Corso di formazione per architetti, organizzato da Wellness Design in collaborazione con l&#8217;Ordine degli Architetti di Roma (Roma)<\/h4>\n<p>&#8220;Progettare SPA&#8221; (istruzioni per l&#8217;uso) fase 1<\/p>\n<hr>\n<h4>Congresso Forum (Verona)<\/h4>\n<p>&#8220;La SPA nei centri fitness&#8221;<\/p>\n<hr>\n<h4>Expo Riva Hotel (Riva del Garda TN)<\/h4>\n<p>&#8220;Tra oriente ed occidente&#8221;<\/p>\n<hr>\n<h4>Congresso Les Nouvelles Esthetiques (Milano)<\/h4>\n<p>&#8220;L&#8217;inserimento dell&#8217;area benessere nel centro estetico: quando, e se conviene&#8221;<\/p>\n<hr>\n<h4>Fiera Riva Benessere Hotel (Riva del Garda TN)<\/h4>\n<p>&#8220;Spa-Caf\u00e8, un nuovo modo di fare benessere&#8221;<\/p>\n<hr>\n<h4>Fiera S.I.A. (Rimini)<\/h4>\n<p>&#8220;L&#8217;obiettivo di una SPA&#8221;<\/p>\n<hr>\n<h4>Fiera d&#8217;Oltremare (Napoli)<\/h4>\n<p>&#8220;Premesse di una SPA&#8221;<\/p>\n<hr>\n<h4>Fiera M.O.C. (Capri NA)<\/h4>\n<p>&#8220;Il business plan di una SPA&#8221;<\/p>\n<hr>\n<h4>Sheraton Hotel Congresso A.H.S. (Roma)<\/h4>\n<p>&#8220;I cinque sensi di una SPA&#8221;<\/p>\n<hr>\n<h4>Fiera Les&#8217;Spa (Roma)<\/h4>\n<p>&#8220;La SPA su misura&#8221;<\/p>\n<hr>\n<h4>Fiera Riva Benessere Hotel (Riva del Garda TN)<\/h4>\n<p>&#8220;L&#8217;area benessere come valore aggiunto&#8221;<\/p>\n<hr>\n<h4>Fiera Riva Benessere Hotel (Riva del Garda TN)<\/h4>\n<p>&#8220;Investire nel benessere, quanto conviene&#8221;<\/div><\/div><\/div><\/div><div class = \"tatsu-column-bg-image-wrap\"><div class = \"tatsu-column-bg-image\" ><\/div><\/div><\/div><style>.tatsu-icp392qb4jhvtpf.tatsu-column > .tatsu-column-inner > .tatsu-column-pad-wrap > .tatsu-column-pad{padding: 10% 0% 10% 0%;}.tatsu-icp392qb4jhvtpf.tatsu-column{margin: 0px 0px  0px !important;transform: translate3d(0px,0px, 0);}.tatsu-icp392qb4jhvtpf.tatsu-column > .tatsu-column-inner{border-width: 0 0 0 0;}.tatsu-icp392qb4jhvtpf.tatsu-column > .tatsu-column-inner > .tatsu-column-overlay{mix-blend-mode: none;}.tatsu-icp392qb4jhvtpf > .tatsu-column-inner > .tatsu-top-divider{z-index: 9999;}.tatsu-icp392qb4jhvtpf > .tatsu-column-inner > .tatsu-bottom-divider{z-index: 9999;}.tatsu-icp392qb4jhvtpf > .tatsu-column-inner > .tatsu-left-divider{z-index: 9999;}.tatsu-icp392qb4jhvtpf > .tatsu-column-inner > .tatsu-right-divider{z-index: 9999;}<\/style><\/div><\/div><\/div><\/div><div class=\"tatsu-section-background-wrap\"><div class = \"tatsu-section-background\" ><\/div><\/div><style>.tatsu-icp392q9t3e37m0c{border-width: 0px 0px px 0px;border-style: solid;}.tatsu-icp392q9t3e37m0c .tatsu-section-pad{padding: 40px 10% 40px 10%;}.tatsu-icp392q9t3e37m0c.tatsu-section{margin: 0px 0px 0px 0px;}.tatsu-icp392q9t3e37m0c > .tatsu-bottom-divider{z-index: 9999;}.tatsu-icp392q9t3e37m0c > .tatsu-top-divider{z-index: 9999;}@media only screen and (max-width:1377px) {.tatsu-icp392q9t3e37m0c{border-style: solid;}}@media only screen and (min-width:768px) and (max-width: 1024px) {.tatsu-icp392q9t3e37m0c{border-style: solid;}}@media only screen and (max-width: 767px) {.tatsu-icp392q9t3e37m0c{border-style: solid;}}<\/style><\/div>\n","protected":false},"excerpt":{"rendered":"<p><a href=\"https:\/\/www.spa-concept.it\/it\/conferenze-spa\/\" class=\"more-link style3-button\">Read More<\/a><\/p>","protected":false},"author":1,"featured_media":0,"parent":0,"menu_order":0,"comment_status":"closed","ping_status":"closed","template":"page-splitscreen-left.php","meta":[],"_links":{"self":[{"href":"https:\/\/www.spa-concept.it\/it\/wp-json\/wp\/v2\/pages\/4129"}],"collection":[{"href":"https:\/\/www.spa-concept.it\/it\/wp-json\/wp\/v2\/pages"}],"about":[{"href":"https:\/\/www.spa-concept.it\/it\/wp-json\/wp\/v2\/types\/page"}],"author":[{"embeddable":true,"href":"https:\/\/www.spa-concept.it\/it\/wp-json\/wp\/v2\/users\/1"}],"replies":[{"embeddable":true,"href":"https:\/\/www.spa-concept.it\/it\/wp-json\/wp\/v2\/comments?post=4129"}],"version-history":[{"count":1,"href":"https:\/\/www.spa-concept.it\/it\/wp-json\/wp\/v2\/pages\/4129\/revisions"}],"predecessor-version":[{"id":5246,"href":"https:\/\/www.spa-concept.it\/it\/wp-json\/wp\/v2\/pages\/4129\/revisions\/5246"}],"wp:attachment":[{"href":"https:\/\/www.spa-concept.it\/it\/wp-json\/wp\/v2\/media?parent=4129"}],"curies":[{"name":"wp","href":"https:\/\/api.w.org\/{rel}","templated":true}]}}