{"id":3443,"date":"2016-04-18T12:06:14","date_gmt":"2016-04-18T10:06:14","guid":{"rendered":"http:\/\/brandexponents.com\/oshin\/v21\/?page_id=3443"},"modified":"2020-10-16T06:14:57","modified_gmt":"2020-10-16T04:14:57","slug":"progettazione-spa-e-centri-benessere","status":"publish","type":"page","link":"https:\/\/www.spa-concept.it\/it\/progettazione-spa-e-centri-benessere\/","title":{"rendered":"Progettazione Spa"},"content":{"rendered":"<div  class=\"tatsu-id3zj0l6iid2dczb tatsu-section    tatsu-clearfix\" data-title=\"\"  data-headerscheme=\"background--light\"><div class='tatsu-section-pad clearfix' data-padding='50px 10% 50px 10%' data-padding-top='50px'><div class=\"tatsu-row-wrap  tatsu-row-full-width tatsu-row-one-col tatsu-row-has-one-cols tatsu-medium-gutter tatsu-reg-cols  tatsu-clearfix tatsu-id3zj0l7jk1kp5bp\" ><div  class=\"tatsu-row \" ><div  class=\"tatsu-column  tatsu-column-no-bg tatsu-one-col tatsu-column-image- tatsu-column-effect-  tatsu-id3zj0l7w07ae4iq\" data-animation=\"flipInX\"   data-parallax-speed=\"0\" style=\"\"><div class=\"tatsu-column-inner \" ><div class=\"tatsu-column-pad-wrap\"><div class=\"tatsu-column-pad\" ><div  class=\"tatsu-module tatsu-text-block-wrap tatsu-id3zj0l8d0cihcxw  \"><div class=\"tatsu-text-inner tatsu-align-center  clearfix\" data-animation=\"fadeIn\"  >\n<h1>Progettazione Spa e centri benessere<\/h1>\n<\/div><\/div><div  class=\"tatsu-empty-space  tatsu-id3zj0l8gfbpy2zi  \" ><style>.tatsu-id3zj0l8gfbpy2zi.tatsu-empty-space{height: 10px;}<\/style><\/div><div  class=\"tatsu-module tatsu-text-block-wrap tatsu-id3zj0l8i915zv83  \"><div class=\"tatsu-text-inner tatsu-align-center  clearfix\" data-animation=\"fadeIn\"  >\n<h2>La consulenza<\/h2>\n<\/div><\/div><div  class=\"tatsu-empty-space  tatsu-id3zj0l8kl765l9r  \" ><style>.tatsu-id3zj0l8kl765l9r.tatsu-empty-space{height: 10px;}<\/style><\/div><div  class=\"tatsu-module tatsu-text-block-wrap tatsu-id3zj0l8m9vldg9  \"><div class=\"tatsu-text-inner tatsu-align-center  clearfix\" data-animation=\"fadeIn\"  ><span style=\"font-size: 16pt\">Capire se un bel progetto potr\u00e0 essere in sinergia con i reali obiettivi dell&#8217;imprenditore, e soprattutto quanto render\u00e0, sono alcuni dei dati che scaturiscono dal conto economico (business plan) che Spa-Concept realizza prima della progettazione di ogni centro.<\/span><\/p>\n<p><span style=\"font-size: 16pt\"><strong>Sapere anticipatamente se render\u00e0 di pi\u00f9 un hammam o una sauna<\/strong>, o quanto incider\u00e0 il costo del personale o dell&#8217;energia, sono solo alcuni dei &#8220;numeri&#8221; necessari all&#8217;imprenditore prima di qualsiasi investimento. La nostra Societ\u00e0 \u00e8 inoltre specializzata nell&#8217;ottimizzazione di centri gi\u00e0 avviati.<\/span><\/p>\n<p><span style=\"font-size: 16pt\">L&#8217;esperto risponde: quesiti su temi legati alla progettazione e alla realizzazione di centri benessere.<\/span><\/div><\/div><div  class=\"tatsu-empty-space  tatsu-id3zj0l8og70xcvv  \" ><style>.tatsu-id3zj0l8og70xcvv.tatsu-empty-space{height: 10px;}<\/style><\/div><div  class=\"tatsu-module tatsu-divider-wrap tatsu-animate tatsu-id3zj0l8pva9dz0y   \"  ><style>.tatsu-id3zj0l8pva9dz0y .tatsu-divider{height: 1px;width: 100%;background: #000000;}<\/style><hr class=\"tatsu-divider\"\/><\/div><div  class=\"tatsu-empty-space  tatsu-id3zj0l8tb5402n5  \" ><style>.tatsu-id3zj0l8tb5402n5.tatsu-empty-space{height: 10px;}<\/style><\/div><div  class=\"tatsu-module tatsu-text-block-wrap tatsu-id3zj0l8up7g0sdm  \"><div class=\"tatsu-text-inner tatsu-align-center  clearfix\" data-animation=\"fadeIn\"  >\n<h2>Esempio dei punti analizzati in un nostro studio di fattibilit\u00e0<\/h2>\n<\/div><\/div><div  class=\"tatsu-empty-space  tatsu-id3zj0l8wvbbvjcd  \" ><style>.tatsu-id3zj0l8wvbbvjcd.tatsu-empty-space{height: 10px;}<\/style><\/div><div  class=\"tatsu-module tatsu-text-block-wrap tatsu-id3zj0l8ye6vxyh3  \"><div class=\"tatsu-text-inner tatsu-align-center  clearfix\" data-animation=\"fadeIn\"  ><span style=\"font-size: 16pt\"><strong>Analisi delle ricerche<\/strong> e dei dati raccolti dal committente o di consulenze precedenti per un inquadramento generale della situazione di mercato.<\/span><\/p>\n<p><span style=\"font-size: 16pt\"><strong>Analisi demografica e turistica<\/strong> del bacino di utenza.<\/span><\/p>\n<p><span style=\"font-size: 16pt\"><strong>Considerazioni<\/strong> sulle caratteristiche e prerogative dell\u2019area progetto.<\/span><\/p>\n<p><span style=\"font-size: 16pt\"><strong>Benchmark<\/strong> &#8211; rappresentazione di prodotti concorrenziali e di riferimento secondo il posizionamento.<\/span><\/p>\n<p><span style=\"font-size: 16pt\"><strong>Elaborazione di un profilo SWOT<\/strong>.<\/span><\/p>\n<p><span style=\"font-size: 16pt\"><strong>Definizione del prodotto<\/strong> e del concetto dei servizi offerti nonche\u0301 dei fattori strategici di successo per lo stesso.<\/span><\/p>\n<p><span style=\"font-size: 16pt\"><strong>Stesura di un programma planivolumetrico<\/strong> e funzionale dettagliato per gli ambiti dell\u2019impianto che tiene conto delle prerogative del committente e finanziarie.<\/span><\/p>\n<p><span style=\"font-size: 16pt\"><strong>Stima dei costi<\/strong> d\u2019investimento sulla base degli spazi definiti.<\/span><\/p>\n<p><span style=\"font-size: 16pt\"><strong>Calcolo della redditivita\u0300<\/strong> per i primi 10 anni d\u2019esercizio, del piano finanziario e del cash flow per la determinazione dei prossimi passi \u2013 stop or go.<\/span><\/p>\n<p><span style=\"font-size: 16pt\"><strong>Valutazione del progetto<\/strong>, suggerimenti e conclusione.<\/span><\/div><\/div><div  class=\"tatsu-empty-space  tatsu-id3zj0l90j1bqd2i  \" ><style>.tatsu-id3zj0l90j1bqd2i.tatsu-empty-space{height: 10px;}<\/style><\/div><div  class=\"tatsu-module tatsu-normal-button tatsu-button-wrap   tatsu-id3zj0l92kaolugt   \"><a class=\"tatsu-shortcode largebtn tatsu-button left-icon rounded   bg-animation-none  \" href=\"https:\/\/www.spa-concept.it\/l-esperto-di-spa-risponde\/\" style= \"\" data-animation=\"fadeIn\"   aria-label=\"L'esperto risponde\" data-gdpr-atts={} >L'esperto risponde<\/a><style>.tatsu-id3zj0l92kaolugt .tatsu-button{background-color: #232323;color: #ffffff ;border-color: #000000; }.tatsu-id3zj0l92kaolugt .tatsu-button:hover{border-color: #232323; }<\/style><\/div><\/div><\/div><div class = \"tatsu-column-bg-image-wrap\"><div class = \"tatsu-column-bg-image\" ><\/div><\/div><\/div><style>.tatsu-id3zj0l7w07ae4iq.tatsu-column > .tatsu-column-inner > .tatsu-column-pad-wrap > .tatsu-column-pad{padding: 10% 0% 10% 0%;}.tatsu-id3zj0l7w07ae4iq.tatsu-column{margin: 0px 0px  0px !important;transform: translate3d(0px,0px, 0);}.tatsu-id3zj0l7w07ae4iq.tatsu-column > .tatsu-column-inner{border-width: 0 0 0 0;}.tatsu-id3zj0l7w07ae4iq.tatsu-column > .tatsu-column-inner > .tatsu-column-overlay{mix-blend-mode: none;}.tatsu-id3zj0l7w07ae4iq > .tatsu-column-inner > .tatsu-top-divider{z-index: 9999;}.tatsu-id3zj0l7w07ae4iq > .tatsu-column-inner > .tatsu-bottom-divider{z-index: 9999;}.tatsu-id3zj0l7w07ae4iq > .tatsu-column-inner > .tatsu-left-divider{z-index: 9999;}.tatsu-id3zj0l7w07ae4iq > .tatsu-column-inner > .tatsu-right-divider{z-index: 9999;}<\/style><\/div><\/div><\/div><\/div><div class=\"tatsu-section-background-wrap\"><div class = \"tatsu-section-background\" ><\/div><\/div><style>.tatsu-id3zj0l6iid2dczb{border-width: 0px 0px px 0px;border-style: solid;}.tatsu-id3zj0l6iid2dczb .tatsu-section-pad{padding: 50px 10% 50px 10%;}.tatsu-id3zj0l6iid2dczb.tatsu-section{margin: 0px 0px 0px 0px;}.tatsu-id3zj0l6iid2dczb > .tatsu-bottom-divider{z-index: 9999;}.tatsu-id3zj0l6iid2dczb > .tatsu-top-divider{z-index: 9999;}@media only screen and (max-width:1377px) {.tatsu-id3zj0l6iid2dczb{border-style: solid;}}@media only screen and (min-width:768px) and (max-width: 1024px) {.tatsu-id3zj0l6iid2dczb{border-style: solid;}}@media only screen and (max-width: 767px) {.tatsu-id3zj0l6iid2dczb{border-style: solid;}}<\/style><\/div>\n","protected":false},"excerpt":{"rendered":"<p><a href=\"https:\/\/www.spa-concept.it\/it\/progettazione-spa-e-centri-benessere\/\" class=\"more-link style3-button\">Read More<\/a><\/p>","protected":false},"author":1,"featured_media":0,"parent":0,"menu_order":0,"comment_status":"closed","ping_status":"closed","template":"page-splitscreen-left.php","meta":[],"_links":{"self":[{"href":"https:\/\/www.spa-concept.it\/it\/wp-json\/wp\/v2\/pages\/3443"}],"collection":[{"href":"https:\/\/www.spa-concept.it\/it\/wp-json\/wp\/v2\/pages"}],"about":[{"href":"https:\/\/www.spa-concept.it\/it\/wp-json\/wp\/v2\/types\/page"}],"author":[{"embeddable":true,"href":"https:\/\/www.spa-concept.it\/it\/wp-json\/wp\/v2\/users\/1"}],"replies":[{"embeddable":true,"href":"https:\/\/www.spa-concept.it\/it\/wp-json\/wp\/v2\/comments?post=3443"}],"version-history":[{"count":1,"href":"https:\/\/www.spa-concept.it\/it\/wp-json\/wp\/v2\/pages\/3443\/revisions"}],"predecessor-version":[{"id":5243,"href":"https:\/\/www.spa-concept.it\/it\/wp-json\/wp\/v2\/pages\/3443\/revisions\/5243"}],"wp:attachment":[{"href":"https:\/\/www.spa-concept.it\/it\/wp-json\/wp\/v2\/media?parent=3443"}],"curies":[{"name":"wp","href":"https:\/\/api.w.org\/{rel}","templated":true}]}}